{"id":42,"date":"2024-06-28T14:01:54","date_gmt":"2024-06-28T12:01:54","guid":{"rendered":"https:\/\/mcidrija.si\/?page_id=42"},"modified":"2026-01-19T13:19:40","modified_gmt":"2026-01-19T12:19:40","slug":"spaces","status":"publish","type":"page","link":"https:\/\/mcidrija.si\/en\/spaces\/","title":{"rendered":"Prostori"},"content":{"rendered":"<p class=\"wp-block-paragraph\">V MC Idrija se lahko ukvarjate z veliko razli\u010dnimi stvarmi. Poleg razli\u010dnih kro\u017ekov, ki se izvajajo pri nas, so na\u0161i prostori na voljo za u\u010denje, dru\u017eenje s prijatelji (predvsem pozimi je v MC Idrija vedno prostor, kamor lahko pobegnete pred mrazom) ali za organizacijo delavnic. Poleti o\u017eivi tudi na\u0161a terasa, kjer je mo\u017eno organizirati razli\u010dne dogodke od ve\u010derov poezije, koncertov, stand up nastopov in \u0161e bi se kaj na\u0161lo.<\/p>\n\n\n\n<div class=\"wp-block-columns are-vertically-aligned-center is-layout-flex wp-container-core-columns-is-layout-794e3cfa wp-block-columns-is-layout-flex\">\n<div class=\"wp-block-column is-vertically-aligned-center is-layout-flow wp-block-column-is-layout-flow\">\n<p class=\"has-text-align-center wp-block-paragraph\"><strong><a href=\"https:\/\/mcidrija.si\/en\/2024\/10\/17\/krozek-kitare\/\">Kro<em>\u017e<\/em>ek kitare<\/a><\/strong><\/p>\n\n\n\n<figure class=\"wp-block-image aligncenter size-full is-resized\"><a href=\"https:\/\/mcidrija.si\/en\/2024\/10\/17\/krozek-kitare\/\"><img data-recalc-dims=\"1\" fetchpriority=\"high\" decoding=\"async\" width=\"512\" height=\"512\" data-attachment-id=\"1775\" data-permalink=\"https:\/\/mcidrija.si\/en\/spaces\/electric-guitar\/\" data-orig-file=\"https:\/\/i0.wp.com\/mcidrija.si\/wp-content\/uploads\/2024\/10\/electric-guitar.png?fit=512%2C512&amp;ssl=1\" data-orig-size=\"512,512\" data-comments-opened=\"1\" data-image-meta=\"{&quot;aperture&quot;:&quot;0&quot;,&quot;credit&quot;:&quot;&quot;,&quot;camera&quot;:&quot;&quot;,&quot;caption&quot;:&quot;&quot;,&quot;created_timestamp&quot;:&quot;0&quot;,&quot;copyright&quot;:&quot;&quot;,&quot;focal_length&quot;:&quot;0&quot;,&quot;iso&quot;:&quot;0&quot;,&quot;shutter_speed&quot;:&quot;0&quot;,&quot;title&quot;:&quot;&quot;,&quot;orientation&quot;:&quot;0&quot;}\" data-image-title=\"electric-guitar\" data-image-description=\"\" data-image-caption=\"\" data-large-file=\"https:\/\/i0.wp.com\/mcidrija.si\/wp-content\/uploads\/2024\/10\/electric-guitar.png?fit=512%2C512&amp;ssl=1\" src=\"https:\/\/i0.wp.com\/mcidrija.si\/wp-content\/uploads\/2024\/10\/electric-guitar.png?resize=512%2C512&#038;ssl=1\" alt=\"\" class=\"wp-image-1775\" style=\"width:360px;height:auto\" srcset=\"https:\/\/i0.wp.com\/mcidrija.si\/wp-content\/uploads\/2024\/10\/electric-guitar.png?w=512&amp;ssl=1 512w, https:\/\/i0.wp.com\/mcidrija.si\/wp-content\/uploads\/2024\/10\/electric-guitar.png?resize=300%2C300&amp;ssl=1 300w, https:\/\/i0.wp.com\/mcidrija.si\/wp-content\/uploads\/2024\/10\/electric-guitar.png?resize=150%2C150&amp;ssl=1 150w, https:\/\/i0.wp.com\/mcidrija.si\/wp-content\/uploads\/2024\/10\/electric-guitar.png?resize=400%2C400&amp;ssl=1 400w, https:\/\/i0.wp.com\/mcidrija.si\/wp-content\/uploads\/2024\/10\/electric-guitar.png?resize=200%2C200&amp;ssl=1 200w\" sizes=\"(max-width: 512px) 100vw, 512px\" \/><\/a><\/figure>\n\n\n\n<p class=\"has-text-align-center wp-block-paragraph\">Pou\u010duje: <strong>Jan Pivk<\/strong><\/p>\n<\/div>\n<\/div>\n\n\n\n<div style=\"height:34px\" aria-hidden=\"true\" class=\"wp-block-spacer\"><\/div>\n\n\n\n<h2 class=\"wp-block-heading\">Prostori za najem<\/h2>\n\n\n\n<p class=\"wp-block-paragraph\">V Mladinskem centru Idrija oddajamo prostore v razli\u010dne namene, saj \u017eelimo, da stavba \u010dim bolj \u017eivi. Prostore lahko najamete za<strong> <a href=\"https:\/\/mcidrija.si\/en\/praznovanje-rojstnega-dne-v-mci-ju\/\"><mark style=\"background-color:rgba(0, 0, 0, 0);color:#ca3432\" class=\"has-inline-color\">praznovanje<\/mark><\/a><\/strong><a href=\"https:\/\/mcidrija.si\/en\/praznovanje-rojstnega-dne-v-mci-ju\/\"><mark style=\"background-color:rgba(0, 0, 0, 0);color:#ca3432\" class=\"has-inline-color\"> <\/mark><\/a><strong><a href=\"https:\/\/mcidrija.si\/en\/praznovanje-rojstnega-dne-v-mci-ju\/\"><mark style=\"background-color:rgba(0, 0, 0, 0);color:#ca3432\" class=\"has-inline-color\">otro\u0161kih rojstnih dni<\/mark><\/a>,<\/strong> izvajanje aktivnosti (npr. joga), ustvarjalne delavnice, predavanja &#8230;<\/p>\n\n\n\n<p class=\"wp-block-paragraph\">Glede na vrsto dogodka si lahko izberete prostor, ki je za va\u0161e potrebe najbolj primeren. Na voljo so razli\u010dni prostori, ki ustrezajo vsem potrebam in \u017eeljam. \u010ce se ne morete odlo\u010diti, kateri prostor bi najeli, smo vedno na voljo za informacije!<\/p>\n\n\n\n<div class=\"wp-block-columns is-layout-flex wp-container-core-columns-is-layout-794e3cfa wp-block-columns-is-layout-flex\">\n<div class=\"wp-block-column is-layout-flow wp-block-column-is-layout-flow\">\n<p class=\"has-text-align-center wp-block-paragraph\">&nbsp;<strong>Ve\u010dnamenski prostor&nbsp;<\/strong><\/p>\n\n\n\n<p class=\"has-text-align-center wp-block-paragraph\">Ve\u010dnamenski prostor 114m2 + telovadnica 44m2<\/p>\n\n\n\n<div class=\"wp-block-jetpack-slideshow aligncenter\" data-effect=\"slide\"><div class=\"wp-block-jetpack-slideshow_container swiper\"><ul class=\"wp-block-jetpack-slideshow_swiper-wrapper swiper-wrapper\"><li class=\"wp-block-jetpack-slideshow_slide swiper-slide\"><figure><img data-recalc-dims=\"1\" decoding=\"async\" width=\"1024\" height=\"680\" alt=\"\" class=\"wp-block-jetpack-slideshow_image wp-image-48\" data-id=\"48\" src=\"https:\/\/i0.wp.com\/mcidrija.si\/wp-content\/uploads\/2024\/07\/Foto-Tadeja-Pavsic.jpg?resize=1024%2C680&#038;ssl=1\" srcset=\"https:\/\/i0.wp.com\/mcidrija.si\/wp-content\/uploads\/2024\/07\/Foto-Tadeja-Pavsic.jpg?resize=1024%2C680&amp;ssl=1 1024w, https:\/\/i0.wp.com\/mcidrija.si\/wp-content\/uploads\/2024\/07\/Foto-Tadeja-Pavsic.jpg?resize=300%2C199&amp;ssl=1 300w, https:\/\/i0.wp.com\/mcidrija.si\/wp-content\/uploads\/2024\/07\/Foto-Tadeja-Pavsic.jpg?resize=768%2C510&amp;ssl=1 768w, https:\/\/i0.wp.com\/mcidrija.si\/wp-content\/uploads\/2024\/07\/Foto-Tadeja-Pavsic.jpg?resize=1536%2C1020&amp;ssl=1 1536w, https:\/\/i0.wp.com\/mcidrija.si\/wp-content\/uploads\/2024\/07\/Foto-Tadeja-Pavsic.jpg?resize=2048%2C1360&amp;ssl=1 2048w, https:\/\/i0.wp.com\/mcidrija.si\/wp-content\/uploads\/2024\/07\/Foto-Tadeja-Pavsic.jpg?resize=1200%2C797&amp;ssl=1 1200w, https:\/\/i0.wp.com\/mcidrija.si\/wp-content\/uploads\/2024\/07\/Foto-Tadeja-Pavsic.jpg?w=3000&amp;ssl=1 3000w\" sizes=\"(max-width: 1000px) 100vw, 1000px\" \/><\/figure><\/li><li class=\"wp-block-jetpack-slideshow_slide swiper-slide\"><figure><img data-recalc-dims=\"1\" decoding=\"async\" width=\"1024\" height=\"680\" alt=\"\" class=\"wp-block-jetpack-slideshow_image wp-image-178\" data-id=\"178\" src=\"https:\/\/i0.wp.com\/mcidrija.si\/wp-content\/uploads\/2024\/07\/gimnasio.jpg?resize=1024%2C680&#038;ssl=1\" srcset=\"https:\/\/i0.wp.com\/mcidrija.si\/wp-content\/uploads\/2024\/07\/gimnasio.jpg?resize=1024%2C680&amp;ssl=1 1024w, https:\/\/i0.wp.com\/mcidrija.si\/wp-content\/uploads\/2024\/07\/gimnasio.jpg?resize=300%2C199&amp;ssl=1 300w, https:\/\/i0.wp.com\/mcidrija.si\/wp-content\/uploads\/2024\/07\/gimnasio.jpg?resize=768%2C510&amp;ssl=1 768w, https:\/\/i0.wp.com\/mcidrija.si\/wp-content\/uploads\/2024\/07\/gimnasio.jpg?resize=1536%2C1020&amp;ssl=1 1536w, https:\/\/i0.wp.com\/mcidrija.si\/wp-content\/uploads\/2024\/07\/gimnasio.jpg?resize=2048%2C1360&amp;ssl=1 2048w, https:\/\/i0.wp.com\/mcidrija.si\/wp-content\/uploads\/2024\/07\/gimnasio.jpg?resize=1200%2C797&amp;ssl=1 1200w\" sizes=\"(max-width: 1000px) 100vw, 1000px\" \/><\/figure><\/li><\/ul><a class=\"wp-block-jetpack-slideshow_button-prev swiper-button-prev swiper-button-white\" role=\"button\"><\/a><a class=\"wp-block-jetpack-slideshow_button-next swiper-button-next swiper-button-white\" role=\"button\"><\/a><a aria-label=\"Pause Slideshow\" class=\"wp-block-jetpack-slideshow_button-pause\" role=\"button\"><\/a><div class=\"wp-block-jetpack-slideshow_pagination swiper-pagination swiper-pagination-white\"><\/div><\/div><\/div>\n<\/div>\n\n\n\n<div class=\"wp-block-column is-layout-flow wp-block-column-is-layout-flow\">\n<p class=\"has-text-align-center wp-block-paragraph\"><strong>Skupnostna kavarna (Repair Cafe)<\/strong><\/p>\n\n\n\n<p class=\"has-text-align-center wp-block-paragraph\">42 m2<\/p>\n\n\n\n<div class=\"wp-block-jetpack-slideshow aligncenter\" data-effect=\"slide\" style=\"--aspect-ratio:calc(1024 \/ 576)\"><div class=\"wp-block-jetpack-slideshow_container swiper\"><ul class=\"wp-block-jetpack-slideshow_swiper-wrapper swiper-wrapper\"><li class=\"wp-block-jetpack-slideshow_slide swiper-slide\"><figure><img data-recalc-dims=\"1\" loading=\"lazy\" decoding=\"async\" width=\"1024\" height=\"576\" alt=\"\" class=\"wp-block-jetpack-slideshow_image wp-image-5072\" data-id=\"5072\" data-aspect-ratio=\"1024 \/ 576\" src=\"https:\/\/i0.wp.com\/mcidrija.si\/wp-content\/uploads\/2025\/09\/repair-cafe-6.jpg?resize=1024%2C576&#038;ssl=1\" srcset=\"https:\/\/i0.wp.com\/mcidrija.si\/wp-content\/uploads\/2025\/09\/repair-cafe-6.jpg?resize=1024%2C576&amp;ssl=1 1024w, https:\/\/i0.wp.com\/mcidrija.si\/wp-content\/uploads\/2025\/09\/repair-cafe-6.jpg?resize=300%2C169&amp;ssl=1 300w, https:\/\/i0.wp.com\/mcidrija.si\/wp-content\/uploads\/2025\/09\/repair-cafe-6.jpg?resize=768%2C432&amp;ssl=1 768w, https:\/\/i0.wp.com\/mcidrija.si\/wp-content\/uploads\/2025\/09\/repair-cafe-6.jpg?resize=1536%2C864&amp;ssl=1 1536w, https:\/\/i0.wp.com\/mcidrija.si\/wp-content\/uploads\/2025\/09\/repair-cafe-6.jpg?resize=2048%2C1152&amp;ssl=1 2048w, https:\/\/i0.wp.com\/mcidrija.si\/wp-content\/uploads\/2025\/09\/repair-cafe-6.jpg?resize=18%2C10&amp;ssl=1 18w, https:\/\/i0.wp.com\/mcidrija.si\/wp-content\/uploads\/2025\/09\/repair-cafe-6.jpg?w=3000&amp;ssl=1 3000w\" sizes=\"(max-width: 1000px) 100vw, 1000px\" \/><\/figure><\/li><li class=\"wp-block-jetpack-slideshow_slide swiper-slide\"><figure><img data-recalc-dims=\"1\" loading=\"lazy\" decoding=\"async\" width=\"1024\" height=\"576\" alt=\"\" class=\"wp-block-jetpack-slideshow_image wp-image-5071\" data-id=\"5071\" data-aspect-ratio=\"1024 \/ 576\" src=\"https:\/\/i0.wp.com\/mcidrija.si\/wp-content\/uploads\/2025\/09\/repair-cafe-7.jpg?resize=1024%2C576&#038;ssl=1\" srcset=\"https:\/\/i0.wp.com\/mcidrija.si\/wp-content\/uploads\/2025\/09\/repair-cafe-7.jpg?resize=1024%2C576&amp;ssl=1 1024w, https:\/\/i0.wp.com\/mcidrija.si\/wp-content\/uploads\/2025\/09\/repair-cafe-7.jpg?resize=300%2C169&amp;ssl=1 300w, https:\/\/i0.wp.com\/mcidrija.si\/wp-content\/uploads\/2025\/09\/repair-cafe-7.jpg?resize=768%2C432&amp;ssl=1 768w, https:\/\/i0.wp.com\/mcidrija.si\/wp-content\/uploads\/2025\/09\/repair-cafe-7.jpg?resize=1536%2C864&amp;ssl=1 1536w, https:\/\/i0.wp.com\/mcidrija.si\/wp-content\/uploads\/2025\/09\/repair-cafe-7.jpg?resize=2048%2C1152&amp;ssl=1 2048w, https:\/\/i0.wp.com\/mcidrija.si\/wp-content\/uploads\/2025\/09\/repair-cafe-7.jpg?resize=18%2C10&amp;ssl=1 18w, https:\/\/i0.wp.com\/mcidrija.si\/wp-content\/uploads\/2025\/09\/repair-cafe-7.jpg?w=3000&amp;ssl=1 3000w\" sizes=\"(max-width: 1000px) 100vw, 1000px\" \/><\/figure><\/li><\/ul><a class=\"wp-block-jetpack-slideshow_button-prev swiper-button-prev swiper-button-white\" role=\"button\"><\/a><a class=\"wp-block-jetpack-slideshow_button-next swiper-button-next swiper-button-white\" role=\"button\"><\/a><a aria-label=\"Pause Slideshow\" class=\"wp-block-jetpack-slideshow_button-pause\" role=\"button\"><\/a><div class=\"wp-block-jetpack-slideshow_pagination swiper-pagination swiper-pagination-white\"><\/div><\/div><\/div>\n<\/div>\n\n\n\n<div class=\"wp-block-column is-layout-flow wp-block-column-is-layout-flow\">\n<p class=\"has-text-align-center wp-block-paragraph\"><strong>Sodelovalnica<\/strong><\/p>\n\n\n\n<p class=\"has-text-align-center wp-block-paragraph\"> 45 m2 <\/p>\n\n\n\n<div class=\"wp-block-jetpack-slideshow aligncenter\" data-effect=\"slide\"><div class=\"wp-block-jetpack-slideshow_container swiper\"><ul class=\"wp-block-jetpack-slideshow_swiper-wrapper swiper-wrapper\"><li class=\"wp-block-jetpack-slideshow_slide swiper-slide\"><figure><img data-recalc-dims=\"1\" loading=\"lazy\" decoding=\"async\" width=\"1024\" height=\"683\" alt=\"\" class=\"wp-block-jetpack-slideshow_image wp-image-2716\" data-id=\"2716\" src=\"https:\/\/i0.wp.com\/mcidrija.si\/wp-content\/uploads\/2025\/01\/DSC_6794.jpg?resize=1024%2C683&#038;ssl=1\" srcset=\"https:\/\/i0.wp.com\/mcidrija.si\/wp-content\/uploads\/2025\/01\/DSC_6794.jpg?resize=1024%2C683&amp;ssl=1 1024w, https:\/\/i0.wp.com\/mcidrija.si\/wp-content\/uploads\/2025\/01\/DSC_6794.jpg?resize=300%2C200&amp;ssl=1 300w, https:\/\/i0.wp.com\/mcidrija.si\/wp-content\/uploads\/2025\/01\/DSC_6794.jpg?resize=768%2C512&amp;ssl=1 768w, https:\/\/i0.wp.com\/mcidrija.si\/wp-content\/uploads\/2025\/01\/DSC_6794.jpg?resize=1536%2C1024&amp;ssl=1 1536w, https:\/\/i0.wp.com\/mcidrija.si\/wp-content\/uploads\/2025\/01\/DSC_6794.jpg?resize=2048%2C1365&amp;ssl=1 2048w, https:\/\/i0.wp.com\/mcidrija.si\/wp-content\/uploads\/2025\/01\/DSC_6794.jpg?w=3000&amp;ssl=1 3000w\" sizes=\"(max-width: 1000px) 100vw, 1000px\" \/><\/figure><\/li><li class=\"wp-block-jetpack-slideshow_slide swiper-slide\"><figure><img data-recalc-dims=\"1\" loading=\"lazy\" decoding=\"async\" width=\"1024\" height=\"576\" alt=\"\" class=\"wp-block-jetpack-slideshow_image wp-image-2717\" data-id=\"2717\" src=\"https:\/\/i0.wp.com\/mcidrija.si\/wp-content\/uploads\/2025\/01\/DSC_6799.jpg?resize=1024%2C576&#038;ssl=1\" srcset=\"https:\/\/i0.wp.com\/mcidrija.si\/wp-content\/uploads\/2025\/01\/DSC_6799.jpg?resize=1024%2C576&amp;ssl=1 1024w, https:\/\/i0.wp.com\/mcidrija.si\/wp-content\/uploads\/2025\/01\/DSC_6799.jpg?resize=300%2C169&amp;ssl=1 300w, https:\/\/i0.wp.com\/mcidrija.si\/wp-content\/uploads\/2025\/01\/DSC_6799.jpg?resize=768%2C432&amp;ssl=1 768w, https:\/\/i0.wp.com\/mcidrija.si\/wp-content\/uploads\/2025\/01\/DSC_6799.jpg?resize=1536%2C864&amp;ssl=1 1536w, https:\/\/i0.wp.com\/mcidrija.si\/wp-content\/uploads\/2025\/01\/DSC_6799.jpg?resize=2048%2C1152&amp;ssl=1 2048w, https:\/\/i0.wp.com\/mcidrija.si\/wp-content\/uploads\/2025\/01\/DSC_6799.jpg?w=3000&amp;ssl=1 3000w\" sizes=\"(max-width: 1000px) 100vw, 1000px\" \/><\/figure><\/li><li class=\"wp-block-jetpack-slideshow_slide swiper-slide\"><figure><img data-recalc-dims=\"1\" loading=\"lazy\" decoding=\"async\" width=\"1024\" height=\"683\" alt=\"\" class=\"wp-block-jetpack-slideshow_image wp-image-2718\" data-id=\"2718\" src=\"https:\/\/i0.wp.com\/mcidrija.si\/wp-content\/uploads\/2025\/01\/DSC_6800.jpg?resize=1024%2C683&#038;ssl=1\" srcset=\"https:\/\/i0.wp.com\/mcidrija.si\/wp-content\/uploads\/2025\/01\/DSC_6800.jpg?resize=1024%2C683&amp;ssl=1 1024w, https:\/\/i0.wp.com\/mcidrija.si\/wp-content\/uploads\/2025\/01\/DSC_6800.jpg?resize=300%2C200&amp;ssl=1 300w, https:\/\/i0.wp.com\/mcidrija.si\/wp-content\/uploads\/2025\/01\/DSC_6800.jpg?resize=768%2C512&amp;ssl=1 768w, https:\/\/i0.wp.com\/mcidrija.si\/wp-content\/uploads\/2025\/01\/DSC_6800.jpg?resize=1536%2C1024&amp;ssl=1 1536w, https:\/\/i0.wp.com\/mcidrija.si\/wp-content\/uploads\/2025\/01\/DSC_6800.jpg?resize=2048%2C1365&amp;ssl=1 2048w, https:\/\/i0.wp.com\/mcidrija.si\/wp-content\/uploads\/2025\/01\/DSC_6800.jpg?w=3000&amp;ssl=1 3000w\" sizes=\"(max-width: 1000px) 100vw, 1000px\" \/><\/figure><\/li><li class=\"wp-block-jetpack-slideshow_slide swiper-slide\"><figure><img data-recalc-dims=\"1\" loading=\"lazy\" decoding=\"async\" width=\"1024\" height=\"576\" alt=\"\" class=\"wp-block-jetpack-slideshow_image wp-image-2719\" data-id=\"2719\" src=\"https:\/\/i0.wp.com\/mcidrija.si\/wp-content\/uploads\/2025\/01\/DSC_6815.jpg?resize=1024%2C576&#038;ssl=1\" srcset=\"https:\/\/i0.wp.com\/mcidrija.si\/wp-content\/uploads\/2025\/01\/DSC_6815.jpg?resize=1024%2C576&amp;ssl=1 1024w, https:\/\/i0.wp.com\/mcidrija.si\/wp-content\/uploads\/2025\/01\/DSC_6815.jpg?resize=300%2C169&amp;ssl=1 300w, https:\/\/i0.wp.com\/mcidrija.si\/wp-content\/uploads\/2025\/01\/DSC_6815.jpg?resize=768%2C432&amp;ssl=1 768w, https:\/\/i0.wp.com\/mcidrija.si\/wp-content\/uploads\/2025\/01\/DSC_6815.jpg?resize=1536%2C864&amp;ssl=1 1536w, https:\/\/i0.wp.com\/mcidrija.si\/wp-content\/uploads\/2025\/01\/DSC_6815.jpg?resize=2048%2C1152&amp;ssl=1 2048w, https:\/\/i0.wp.com\/mcidrija.si\/wp-content\/uploads\/2025\/01\/DSC_6815.jpg?w=3000&amp;ssl=1 3000w\" sizes=\"(max-width: 1000px) 100vw, 1000px\" \/><\/figure><\/li><\/ul><a class=\"wp-block-jetpack-slideshow_button-prev swiper-button-prev swiper-button-white\" role=\"button\"><\/a><a class=\"wp-block-jetpack-slideshow_button-next swiper-button-next swiper-button-white\" role=\"button\"><\/a><a aria-label=\"Pause Slideshow\" class=\"wp-block-jetpack-slideshow_button-pause\" role=\"button\"><\/a><div class=\"wp-block-jetpack-slideshow_pagination swiper-pagination swiper-pagination-white\"><\/div><\/div><\/div>\n<\/div>\n<\/div>\n\n\n\n<p class=\"wp-block-paragraph\">Ob najemu prostora lahko brezpla\u010dno uporabljate tudi dolo\u010deno opremo npr.:<\/p>\n\n\n\n<ul class=\"wp-block-list\">\n<li>projektor,<\/li>\n\n\n\n<li>zvo\u010dnik,<\/li>\n\n\n\n<li>le\u017ealniki &#8230;<\/li>\n<\/ul>\n\n\n\n<p class=\"wp-block-paragraph\">(in \u010de morate kaj natisniti, lahko uporabite na\u0161 tiskalnik \ud83d\ude09 )<\/p>\n\n\n\n<p class=\"wp-block-paragraph\">Pridite in popestrite dogajanje v Mladinskem centru Idrija!<\/p>\n\n\n\n<div class=\"wp-block-qi-blocks-button qodef-block-container qodef-block-e4a0ad4d\"><a class=\"qi-block-button qodef-block qodef-m qodef-layout--filled qodef-type--standard qodef-hover--icon-move-horizontal-short\" href=\"https:\/\/mcidrija.si\/wp-content\/uploads\/2025\/09\/CENIK_Uporaba-prostorov-MCI_2025.pdf\"><span class=\"qodef-m-text\">CENIK<\/span><\/a><\/div>\n\n\n\n<h2 class=\"wp-block-heading has-text-align-center\">Organizacija dogodka<\/h2>\n\n\n\n<p class=\"wp-block-paragraph\">V MC Idrija spodbujamo mlade, da sami organizirajo svoje dogodke in uporabijo na\u0161e prostore. Kot mladinski center ponujamo prilo\u017enost, zato jo pametno izkoristite! \u010ce \u017eelite organizirati koncert, vam lahko pri tem pomagamo. Poleti lahko uporabite na\u0161o teraso. \u010ce imate idejo za dogodek, nam pi\u0161ite in pomagali vam jo bomo uresni\u010diti!<\/p>\n\n\n<div class=\"wp-block-jetpack-contact-form is-layout-flex wp-container-jetpack-contact-form-is-layout-362419f2 wp-block-jetpack-contact-form-is-layout-flex\"><a href=\"https:\/\/mcidrija.si\/en\/spaces\/\" target=\"_blank\" rel=\"noopener noreferrer\">Submit a form.<\/a><\/div>\n\n\n<p class=\"wp-block-paragraph\"><\/p>","protected":false},"excerpt":{"rendered":"<p>V MC Idrija se lahko ukvarjate z veliko razli\u010dnimi stvarmi. Poleg razli\u010dnih kro\u017ekov, ki se izvajajo pri nas, so na\u0161i prostori na voljo za u\u010denje, dru\u017eenje s prijatelji (predvsem pozimi je v MC Idrija vedno prostor, kamor lahko pobegnete pred mrazom) ali za organizacijo delavnic. Poleti o\u017eivi tudi na\u0161a terasa, kjer je mo\u017eno organizirati razli\u010dne [&hellip;]<\/p>\n","protected":false},"author":252603206,"featured_media":48,"parent":0,"menu_order":0,"comment_status":"closed","ping_status":"closed","template":"","meta":{"_crdt_document":"","advanced_seo_description":"","jetpack_seo_html_title":"","jetpack_seo_noindex":false,"footnotes":""},"class_list":["post-42","page","type-page","status-publish","has-post-thumbnail","hentry"],"jetpack_likes_enabled":true,"jetpack_sharing_enabled":true,"jetpack_shortlink":"https:\/\/wp.me\/PfSlLi-G","jetpack-related-posts":[],"_links":{"self":[{"href":"https:\/\/mcidrija.si\/en\/wp-json\/wp\/v2\/pages\/42","targetHints":{"allow":["GET"]}}],"collection":[{"href":"https:\/\/mcidrija.si\/en\/wp-json\/wp\/v2\/pages"}],"about":[{"href":"https:\/\/mcidrija.si\/en\/wp-json\/wp\/v2\/types\/page"}],"author":[{"embeddable":true,"href":"https:\/\/mcidrija.si\/en\/wp-json\/wp\/v2\/users\/252603206"}],"replies":[{"embeddable":true,"href":"https:\/\/mcidrija.si\/en\/wp-json\/wp\/v2\/comments?post=42"}],"version-history":[{"count":36,"href":"https:\/\/mcidrija.si\/en\/wp-json\/wp\/v2\/pages\/42\/revisions"}],"predecessor-version":[{"id":6804,"href":"https:\/\/mcidrija.si\/en\/wp-json\/wp\/v2\/pages\/42\/revisions\/6804"}],"wp:featuredmedia":[{"embeddable":true,"href":"https:\/\/mcidrija.si\/en\/wp-json\/wp\/v2\/media\/48"}],"wp:attachment":[{"href":"https:\/\/mcidrija.si\/en\/wp-json\/wp\/v2\/media?parent=42"}],"curies":[{"name":"wp","href":"https:\/\/api.w.org\/{rel}","templated":true}]}}