{"id":7778,"date":"2026-04-03T07:37:07","date_gmt":"2026-04-03T05:37:07","guid":{"rendered":"https:\/\/mcidrija.si\/?page_id=7778"},"modified":"2026-04-03T07:49:12","modified_gmt":"2026-04-03T05:49:12","slug":"poletje-na-mci-terasi-2026","status":"publish","type":"page","link":"https:\/\/mcidrija.si\/en\/poletje-na-mci-terasi-2026\/","title":{"rendered":"Poletje na MCI terasi 2026"},"content":{"rendered":"<p class=\"wp-block-paragraph\">Letos je na vrsti \u017ee kar <strong>tretja izvedba Poletje na MCI terasi<\/strong>. Projekt, ki je mnogo ve\u010d kot le niz dogodkov. Gre za pobudo lokalne mladine, ki si je \u017eelela ustvariti prostor za spro\u0161\u010deno dru\u017eenje, kulturno dogajanje in medsebojno povezovanje \u2013 nekaj, \u010desar je v Idriji mladim pogosto primanjkovalo. Pokazatelj tega, da se je projekt med mladimi \u017ee precej dobro zakoreninil je tudi to, da bo letos dogajanje in druge mlade koordinirala ena izmed \u0161tudentk s pomo\u010djo na\u0161ega mentorstva. <\/p>\n\n\n\n<hr class=\"wp-block-separator has-alpha-channel-opacity\"\/>\n\n\n\n<h2 class=\"wp-block-heading\">program<\/h2>\n\n\n\n<p class=\"wp-block-paragraph\"><em>\u0160e v pripravljanju.<\/em><\/p>","protected":false},"excerpt":{"rendered":"<p>Letos je na vrsti \u017ee kar tretja izvedba Poletje na MCI terasi. Projekt, ki je mnogo ve\u010d kot le niz dogodkov. Gre za pobudo lokalne mladine, ki si je \u017eelela ustvariti prostor za spro\u0161\u010deno dru\u017eenje, kulturno dogajanje in medsebojno povezovanje \u2013 nekaj, \u010desar je v Idriji mladim pogosto primanjkovalo. Pokazatelj tega, da se je projekt [&hellip;]<\/p>\n","protected":false},"author":252603206,"featured_media":0,"parent":0,"menu_order":0,"comment_status":"closed","ping_status":"closed","template":"","meta":{"_crdt_document":"{\"document\":\"AAAHz+nYlQL2AoMCFgEGUDBMggEBAQgBAEgKMAw6xgEMnAgETBgA1guUDwSEAZ4HDgMBCgIGAhoCEAIIAgQGBAMABAMBxgyuC4wGAggCDAIGAhIDAAQmAhgDAQYEFAT4FooXBoICCBjODQ6qDwQDA\/ocBOYHsAsEhAG0FAC4AwAGAAYAzASiBAYSBABmADYAVKYBACxKCjpYGChGBjpYGCpICACoAQJCngUIAwDoBQDgL5Y1AQEIAQBIyA8GCOYPgAGSBjSGAQIEBhgG6AgEBpYfCAMD5h+yHwLsAgQCAEi6AgEBCAEASAIEAwBKJgEBCAEASAoMAghICCQACOo7jDkIAwMK8B+yHwMA9B\/8GZMBqAIMAQCsCACIDgEU7A0BA4gMDgEFwg0E5gewCwSEAeoElB3UHZod2h2gHeAdrB3WBAECvgTUHqIe4h6sHlwApgEA5gGSAgDSAowDAMwDtAMA9AOuBADuBJgFIgEAhgEBAgKsBf4OBgjmD4ABkgY0hgECBAYY7AgKBAYBBQIBAL4gCAAkZPIBCAMD6B+yHwMA9B8CvwEoACEBJwIoBCcAKAgnAAQAhAAHACgCJwEoAScABACEAsQDhAHEAAQAhASBAIQAgQCEAIEAhACBAIQAgQCEAIEAhAGBAIQAgQCEAIEAhAPEAMEAxADBAMQAwQDEAMEAxADBAMQBwQDEAMEAxAHBAMQBwQDEAMEAxAjBAMQAwQDEAMEAxADBAMQzhwAoAicBKAEnAMQZqAEoAYcAKAInASgBJwCoASgABACHACgCJwEoAScABACEAsQEqADEDKgAKMEX4RVzdGF0ZXZlcnNpb25kb2N1bWVudGRhdGVkb2N1bWVudHN0YXR1c2RvY3VtZW50dGl0bGVkb2N1bWVudGNvbnRlbnRkb2N1bWVudGV4Y2VycHRkb2N1bWVudGF1dGhvcmRvY3VtZW50ZmVhdHVyZWRfbWVkaWFkb2N1bWVudGNvbW1lbnRfc3RhdHVzZG9jdW1lbnRwaW5nX3N0YXR1c2RvY3VtZW50dGVtcGxhdGVkb2N1bWVudG1ldGFhZHZhbmNlZF9zZW9fZGVzY3JpcHRpb25qZXRwYWNrX3Nlb19odG1sX3RpdGxlamV0cGFja19zZW9fbm9pbmRleGpldHBhY2tfcG9zdF93YXNfZXZlcl9wdWJsaXNoZWRmb290bm90ZXNfZWxlbWVudG9yX2VkaXRfbW9kZV9lbGVtZW50b3JfdGVtcGxhdGVfdHlwZV9lbGVtZW50b3JfZGF0YV9lbGVtZW50b3JfcGFnZV9zZXR0aW5nc2RvY3VtZW50YmxvY2tzcG9sZXRqUG9sZXRqZSBuYSBNQ0kgdGVyYXNpIDIwMjZjbGllbnRJZGlzVmFsaWRuYW1lYXR0cmlidXRlc2NvbnRlbnRkcm9wQ2FwVHJwQ29udGVudFJlc3RyaWN0aW9uaW5uZXJCbG9ja3NMZXRvcyBqZSBuYSB2cnN0aSDFvmUgZHJ1Z2EgaXp2ZWRiYSBQb2xldGplIG5hIE1DSSB0ZXJhc2kuIFByb2pla3QsIGtpIGplIG1ub2dvIHZlxI0ga290IGxlIG5peiBkb2dvZGtvdi4gR3JlIHphIHBvYnVkbyBsb2thbG5lIG1sYWRpbmUsIGtpIHNpIGplIMW+ZWxlbGEgdXN0dmFyaXRpIHByb3N0b3IgemEgc3Byb8WhxI1lbm8gZHJ1xb5lbmplLCBrdWx0dXJubyBkb2dhamFuamUgaW4gbWVkc2Vib2pubyBwb3Zlem92YW5qZSDigJMgbmVrYWosIMSNZXNhciBqZSB2IElkcmlqaSBtbGFkaW0gcG9nb3N0byBwcmltYW5qa292YWxvLmthciB0cmV0amEgIFRva3JhdCDFoWUgZHYgb1Byb2pla3Qgc2UgamUgbWVkbSBsYWQgbWxhZG1paW1pIMW+ZSBycHJlY2VqIGRvYnJvIHByaWp6YWtvcmVuaW48IS0tIHdwOnBhcmFncmFwaCAtLT4KPHA+TGV0b3MgamUgbmEgdnJzdGkgxb5lIGthciB0cmV0amEgaXp2ZWRiYSBQb2xldGplIG5hIE1DSSB0ZXJhc2kuIFByb2pla3QsIGtpIGplIG1ub2dvIHZlxI0ga290IGxlIG5peiBkb2dvZGtvdi4gR3JlIHphIHBvYnVkbyBsb2thbG5lIG1sYWRpbmUsIGtpIHNpIGplIMW+ZWxlbGEgdXN0dmFyaXRpIHByb3N0b3IgemEgc3Byb8WhxI1lbm8gZHJ1xb5lbmplLCBrdWx0dXJubyBkb2dhamFuamUgaW4gbWVkc2Vib2pubyBwb3Zlem92YW5qZSDigJMgbmVrYWosIMSNZXNhciBqZSB2IElkcmlqaSBtbGFkaW0gcG9nb3N0byBwcmltYW5qa292YWxvLiBQcm9qZWt0IHMgZGFqYW5pbnJhICA8L3A+CjwhLS0gL3dwOnBhcmFncmFwaCAtLT5pbCwgc2FqIGdhIGJvIGxldG9zIGtvb3JkaW5pcmFsYSAgdiB2ZWxpa2kgbWVyaSBrb29yZGluaXJhbGF2IHZlbGlraSBtZXJpIGtvb3JkbGlraSBtZXJpIGtvb3JkbmlpbmlyYWxhIGVuYSBpaXptZWQgxaF0dWRlbnQgeiBuYcWhaW0gbW5lZW50b3JzdHZpb20uIE9uYSBibyBkIHBhIGdlIG1lIGtvb3JkaW5pcmFsYSBlbmEgaXptZWQgxaF0dWRlbnQgIG5hxaEgbWVudG9yc3R2LlBva2F6YXRlxI1qIGxqIHRlZ2EsIGRhIHNlIGplIHByb2pla3QgbWVkIG1sYWRpbWkgxb5lIHByZWNlaiBkb2JybyB6YWtvcmVuaW5pbCBqZSwgamUgdHVkaSB0bywgZGEgb2themF0ZWxqIHRlZ2EsIGRhIHNlIGplIHBtZWQgbWxhZGltaSDFvmUgcHJlY2VqIGRvYnJvIHpha29yZW5pbmlsIGplIHR1ZGkgdG8sIGRhIG9ldDxzb25nPnRyPC9zdHJvbmc+PHNvbmc+dHI8L3N0cm9uZz4gZ2EgYm8gbGV0b3MgdiBkYSBnYSBibyBsZXRvcyB2ICB2ZWxpa2kgbWVyaSBrb29yZGluaXJhbGFkb2dhamFuamUgaW4gZHJ1Z2UgbWxhZGUga29vcmRpbmlyYWxhIGVuYSBrb29yZGluaXJhbGEgZW5hIGl6bWVkaW5pcmFsYSBlbmEgaXptZWQgxaF0dWRlbnRrIHMgaXptZWQgxaF0dWRlbnRrIHMgcG9tZWQgxaF0dWRlbnRrIHMgcG9tb8SNam8gbmHFoWVnYSBzIHBvbW\/EjWpvIG5hxaFlZ2EgbWVub21vxI1qbyBuYcWhZWdhIG1lbm9vbW\/EjWpvIG5hxaFlZ2EgbWVudiB2ZWxpa2kgbWVyaSBrb29yZGluaXJhbGEgUHJvamVrdCBzZSBqZSBtZWQgbWxhZGltaSDFvmUgcHJlY2VqIGRvYnJvIHpha29yZW5pbmlsLCBzYWogZ2EgYm8gbGV0b3MgdiB2ZWxpa2kgbWVyaSBrb29yZGluaXJhbGEgZW5hIGlpem1lZCDFoXR1ZGVudCB6IG5hxaFpbSBtZW50b3JzdHZvbS5Ub2tyYXQgxaFldG9zcnRhcnRzdHZhLiBjbGllbnRJZGlzVmFsaWRuYW1lYXR0cmlidXRlc2NvbnRlbnRkcm9wQ2FwVHJwQ29udGVudFJlc3RyaWN0aW9uaW5uZXJCbG9ja3NiIGxvb2dqZSBkcnVsYWRrc3BvbW\/EjWpvIGVnYWEgPC9wPgo8IS0tIC93cDpwYWdyYXBoLS0+Cgo8IS0td3A6cGFyYWdyYXBoIC0tPgpwPjxvcGFjaXR5dGFnTmFtZWNsaWVudElkaXNWYWxpZG5hbWVhdHRyaWJ1dGVzY29udGVudGRyb3BDYXBUcnBDb250ZW50UmVzdHJpY3Rpb25pbm5lckJsb2Nrc2xldmVscHJvZ3JhbWNsaWVudElkaXNWYWxpZG5hbWVhdHRyaWJ1dGVzY29udGVudGRyb3BDYXBUcnBDb250ZW50UmVzdHJpY3Rpb25pbm5lckJsb2Nrc8WgZSA8ZW0+xaA8L2VtPmVtPsWgZSB2IHByaXByYXZsamF2bGphbmp1LnNldG9yIC0tPgo8aHIgY2xhc3M9IndwLWJsb2NrLXNlcGFyYXRvciBoYXMtYWxwaGEtY2hhbm5lbC1vcGFjaXR5Ii8+CjwhLS0gL3dwOnNlcGFyYXRvciAtLT4KCjwhLS0gd3A6aGVhZGluIC0tPgo8aDIgY2xhc3M9IndwLWJsb2NrLWhlYWRpbmciPnBvZ3JtPC9oMj4KPCEtLSAvdzplYWRpbmcKIS0tIHc6cGFyYWdyYXBoIC0tCnA+PGVtPsWgZSB2IHByaXByYXZsamFuanUuPGVtPjwvZG9jdW1lbnRzbHVnc3RhdGVzYXZlZEF0c3RhdGVzYXZlZEJ5BQcIBAgGCAUIBwgHCAYIDggOCAtIAQQYFhMfCRQYDxgIRgAaCAcECkcAFQsVBh2tAwEDAgUBDj8yAiKvAwdBBUIAQQIZngJBBBMMQQADCgEIA4EBBAwEGjdBAQIGCQIGCQECAQIBBUEABAMJAgEGAQQBDBgRBQ0EDAYLAw8CDAYLBA4DEhEBrAICBEEAAgEDCAcECkcAFQsBAgECQwFBAAgDAREFCQMEQQMFQQFHAAgHBApHABULBQcIBwQKRwAVCwMBBEUACAQFBAKpASMDDgEGAQUNARoFCAQFBwUHCQELAAgBAAAoARRCAQEAQQACAEEAAgBBAAIAQQACABZBFQUDDQgEAwECAwQGAwkCQQBCAUEcAfsBAH0BfYat8\/ABfQB3BmNsb3NlZHcGY2xvc2VkdwB3AHcAeXl3AHcAdwB3AH53JDhhZjYwMmIwLTVjN2EtNDlkMi1hMTQ1LTJiYjc4ZGQ1OGVhNXh3DmNvcmUvcGFyYWdyYXBoeXYDEHJlc3RyaWN0aW9uX3R5cGV3B2V4Y2x1ZGUSc2VsZWN0ZWRfbGFuZ3VhZ2VzdQAKcGFuZWxfb3Blbnh3JDFlNjQyZGExLWM1NWQtNGJlYi04MzJlLTZhMjg2MGM1ZTA4Ynh3DmNvcmUvcGFyYWdyYXBoeXYDEHJlc3RyaWN0aW9uX3R5cGV3B2V4Y2x1ZGUSc2VsZWN0ZWRfbGFuZ3VhZ2VzdQAKcGFuZWxfb3Blbnh3JDBkMDE2NTVmLTQ5YmQtNGEyMC04MzhmLTkzMTg3YTJkOWVhMHcOY29yZS9zZXBhcmF0b3J3DWFscGhhLWNoYW5uZWx3AmhydyQzMmQ0NWM3ZS00ZjBlLTQxZTMtODc4OS1jZWM2YjE0ZDYxNjF4dw5jb3JlL3BhcmFncmFwaHl2AxByZXN0cmljdGlvbl90eXBldwdleGNsdWRlEnNlbGVjdGVkX2xhbmd1YWdlc3UACnBhbmVsX29wZW54dyQxZTdiNzA4ZC0yZWQ3LTRhZjktYTg1NS03OGM5NzYwOTRkYTh3DGNvcmUvaGVhZGluZ30CdyQyNzNhOGU3ZS1mMDY5LTQwODQtYTJlMi1hZmUxNmFmMjQ0ODN4dw5jb3JlL3BhcmFncmFwaHl2AxByZXN0cmljdGlvbl90eXBldwdleGNsdWRlEnNlbGVjdGVkX2xhbmd1YWdlc3UACnBhbmVsX29wZW54dwdwdWJsaXNodxMyMDI2LTA0LTAzVDA3OjM3OjA3dxpwb2xldGplLW5hLW1jaS10ZXJhc2ktMjAyNntCedUdhgvgAH2P6diVAgHPtOyKATQBARMFOAWWAkzNAgABBAECAQwBBwEDAwICAAEBHKABAQMBBQECAQgCARMADQAEAQoBCQJBAwwDUQEBAAEAAQAiDQQCCRoYEAUQDBADEAwQBCISqwECAwEAAgAEAAEAAQFXAAEAAgAVAgEDEgM=\",\"updateId\":252567639}","advanced_seo_description":"","jetpack_seo_html_title":"","jetpack_seo_noindex":false,"footnotes":""},"class_list":["post-7778","page","type-page","status-publish","hentry"],"jetpack_likes_enabled":true,"jetpack_sharing_enabled":true,"jetpack_shortlink":"https:\/\/wp.me\/PfSlLi-21s","jetpack-related-posts":[],"_links":{"self":[{"href":"https:\/\/mcidrija.si\/en\/wp-json\/wp\/v2\/pages\/7778","targetHints":{"allow":["GET"]}}],"collection":[{"href":"https:\/\/mcidrija.si\/en\/wp-json\/wp\/v2\/pages"}],"about":[{"href":"https:\/\/mcidrija.si\/en\/wp-json\/wp\/v2\/types\/page"}],"author":[{"embeddable":true,"href":"https:\/\/mcidrija.si\/en\/wp-json\/wp\/v2\/users\/252603206"}],"replies":[{"embeddable":true,"href":"https:\/\/mcidrija.si\/en\/wp-json\/wp\/v2\/comments?post=7778"}],"version-history":[{"count":2,"href":"https:\/\/mcidrija.si\/en\/wp-json\/wp\/v2\/pages\/7778\/revisions"}],"predecessor-version":[{"id":7782,"href":"https:\/\/mcidrija.si\/en\/wp-json\/wp\/v2\/pages\/7778\/revisions\/7782"}],"wp:attachment":[{"href":"https:\/\/mcidrija.si\/en\/wp-json\/wp\/v2\/media?parent=7778"}],"curies":[{"name":"wp","href":"https:\/\/api.w.org\/{rel}","templated":true}]}}